{"id":2395,"date":"2021-08-13T16:05:43","date_gmt":"2021-08-13T14:05:43","guid":{"rendered":"https:\/\/dignita.kreativa.dev\/?page_id=2395"},"modified":"2023-04-27T16:45:28","modified_gmt":"2023-04-27T14:45:28","slug":"artikkelit","status":"publish","type":"page","link":"https:\/\/dignita.kreativa.dev\/fi\/artikkelit\/","title":{"rendered":"ARTIKKELIT"},"content":{"rendered":"","protected":false},"excerpt":{"rendered":"","protected":false},"author":6,"featured_media":0,"parent":0,"menu_order":0,"comment_status":"closed","ping_status":"closed","template":"","meta":{"_acf_changed":false,"footnotes":""},"class_list":["post-2395","page","type-page","status-publish","hentry"],"acf":[],"yoast_head":"<!-- This site is optimized with the Yoast SEO plugin v27.5 - https:\/\/yoast.com\/product\/yoast-seo-wordpress\/ -->\n<title>Artikkelit - Dignita<\/title>\n<meta name=\"description\" content=\"Kannattaako alkolukko hankkia k\u00e4ytettyn\u00e4? Voiko alkometrini kalibroida? Lue artikkelit koskien Dignita alkolukkoja ja alkometrej\u00e4.\" \/>\n<meta name=\"robots\" content=\"noindex, follow, max-snippet:-1, max-image-preview:large, max-video-preview:-1\" \/>\n<meta property=\"og:locale\" content=\"fi_FI\" \/>\n<meta property=\"og:type\" content=\"article\" \/>\n<meta property=\"og:title\" content=\"Artikkelit - Dignita\" \/>\n<meta property=\"og:description\" content=\"Kannattaako alkolukko hankkia k\u00e4ytettyn\u00e4? Voiko alkometrini kalibroida? Lue artikkelit koskien Dignita alkolukkoja ja alkometrej\u00e4.\" \/>\n<meta property=\"og:url\" content=\"https:\/\/dignita.kreativa.dev\/fi\/artikkelit\/\" \/>\n<meta property=\"og:site_name\" content=\"Dignita\" \/>\n<meta property=\"article:modified_time\" content=\"2023-04-27T14:45:28+00:00\" \/>\n<meta name=\"twitter:card\" content=\"summary_large_image\" \/>\n<script type=\"application\/ld+json\" class=\"yoast-schema-graph\">{\"@context\":\"https:\\\/\\\/schema.org\",\"@graph\":[{\"@type\":\"WebPage\",\"@id\":\"https:\\\/\\\/dignita.kreativa.dev\\\/fi\\\/artikkelit\\\/\",\"url\":\"https:\\\/\\\/dignita.kreativa.dev\\\/fi\\\/artikkelit\\\/\",\"name\":\"Artikkelit - Dignita\",\"isPartOf\":{\"@id\":\"https:\\\/\\\/dignita.kreativa.dev\\\/#website\"},\"datePublished\":\"2021-08-13T14:05:43+00:00\",\"dateModified\":\"2023-04-27T14:45:28+00:00\",\"description\":\"Kannattaako alkolukko hankkia k\u00e4ytettyn\u00e4? Voiko alkometrini kalibroida? Lue artikkelit koskien Dignita alkolukkoja ja alkometrej\u00e4.\",\"breadcrumb\":{\"@id\":\"https:\\\/\\\/dignita.kreativa.dev\\\/fi\\\/artikkelit\\\/#breadcrumb\"},\"inLanguage\":\"fi\",\"potentialAction\":[{\"@type\":\"ReadAction\",\"target\":[\"https:\\\/\\\/dignita.kreativa.dev\\\/fi\\\/artikkelit\\\/\"]}]},{\"@type\":\"BreadcrumbList\",\"@id\":\"https:\\\/\\\/dignita.kreativa.dev\\\/fi\\\/artikkelit\\\/#breadcrumb\",\"itemListElement\":[{\"@type\":\"ListItem\",\"position\":1,\"name\":\"Home\",\"item\":\"https:\\\/\\\/dignita.kreativa.dev\\\/\"},{\"@type\":\"ListItem\",\"position\":2,\"name\":\"ARTIKKELIT\"}]},{\"@type\":\"WebSite\",\"@id\":\"https:\\\/\\\/dignita.kreativa.dev\\\/#website\",\"url\":\"https:\\\/\\\/dignita.kreativa.dev\\\/\",\"name\":\"Dignita\",\"description\":\"\",\"potentialAction\":[{\"@type\":\"SearchAction\",\"target\":{\"@type\":\"EntryPoint\",\"urlTemplate\":\"https:\\\/\\\/dignita.kreativa.dev\\\/?s={search_term_string}\"},\"query-input\":{\"@type\":\"PropertyValueSpecification\",\"valueRequired\":true,\"valueName\":\"search_term_string\"}}],\"inLanguage\":\"fi\"}]}<\/script>\n<!-- \/ Yoast SEO plugin. -->","yoast_head_json":{"title":"Artikkelit - Dignita","description":"Kannattaako alkolukko hankkia k\u00e4ytettyn\u00e4? Voiko alkometrini kalibroida? Lue artikkelit koskien Dignita alkolukkoja ja alkometrej\u00e4.","robots":{"index":"noindex","follow":"follow","max-snippet":"max-snippet:-1","max-image-preview":"max-image-preview:large","max-video-preview":"max-video-preview:-1"},"og_locale":"fi_FI","og_type":"article","og_title":"Artikkelit - Dignita","og_description":"Kannattaako alkolukko hankkia k\u00e4ytettyn\u00e4? Voiko alkometrini kalibroida? Lue artikkelit koskien Dignita alkolukkoja ja alkometrej\u00e4.","og_url":"https:\/\/dignita.kreativa.dev\/fi\/artikkelit\/","og_site_name":"Dignita","article_modified_time":"2023-04-27T14:45:28+00:00","twitter_card":"summary_large_image","schema":{"@context":"https:\/\/schema.org","@graph":[{"@type":"WebPage","@id":"https:\/\/dignita.kreativa.dev\/fi\/artikkelit\/","url":"https:\/\/dignita.kreativa.dev\/fi\/artikkelit\/","name":"Artikkelit - Dignita","isPartOf":{"@id":"https:\/\/dignita.kreativa.dev\/#website"},"datePublished":"2021-08-13T14:05:43+00:00","dateModified":"2023-04-27T14:45:28+00:00","description":"Kannattaako alkolukko hankkia k\u00e4ytettyn\u00e4? Voiko alkometrini kalibroida? Lue artikkelit koskien Dignita alkolukkoja ja alkometrej\u00e4.","breadcrumb":{"@id":"https:\/\/dignita.kreativa.dev\/fi\/artikkelit\/#breadcrumb"},"inLanguage":"fi","potentialAction":[{"@type":"ReadAction","target":["https:\/\/dignita.kreativa.dev\/fi\/artikkelit\/"]}]},{"@type":"BreadcrumbList","@id":"https:\/\/dignita.kreativa.dev\/fi\/artikkelit\/#breadcrumb","itemListElement":[{"@type":"ListItem","position":1,"name":"Home","item":"https:\/\/dignita.kreativa.dev\/"},{"@type":"ListItem","position":2,"name":"ARTIKKELIT"}]},{"@type":"WebSite","@id":"https:\/\/dignita.kreativa.dev\/#website","url":"https:\/\/dignita.kreativa.dev\/","name":"Dignita","description":"","potentialAction":[{"@type":"SearchAction","target":{"@type":"EntryPoint","urlTemplate":"https:\/\/dignita.kreativa.dev\/?s={search_term_string}"},"query-input":{"@type":"PropertyValueSpecification","valueRequired":true,"valueName":"search_term_string"}}],"inLanguage":"fi"}]}},"_links":{"self":[{"href":"https:\/\/dignita.kreativa.dev\/fi\/wp-json\/wp\/v2\/pages\/2395","targetHints":{"allow":["GET"]}}],"collection":[{"href":"https:\/\/dignita.kreativa.dev\/fi\/wp-json\/wp\/v2\/pages"}],"about":[{"href":"https:\/\/dignita.kreativa.dev\/fi\/wp-json\/wp\/v2\/types\/page"}],"author":[{"embeddable":true,"href":"https:\/\/dignita.kreativa.dev\/fi\/wp-json\/wp\/v2\/users\/6"}],"replies":[{"embeddable":true,"href":"https:\/\/dignita.kreativa.dev\/fi\/wp-json\/wp\/v2\/comments?post=2395"}],"version-history":[{"count":2,"href":"https:\/\/dignita.kreativa.dev\/fi\/wp-json\/wp\/v2\/pages\/2395\/revisions"}],"predecessor-version":[{"id":3679,"href":"https:\/\/dignita.kreativa.dev\/fi\/wp-json\/wp\/v2\/pages\/2395\/revisions\/3679"}],"wp:attachment":[{"href":"https:\/\/dignita.kreativa.dev\/fi\/wp-json\/wp\/v2\/media?parent=2395"}],"curies":[{"name":"wp","href":"https:\/\/api.w.org\/{rel}","templated":true}]}}